{"id":416,"date":"2022-02-02T10:36:34","date_gmt":"2022-02-02T09:36:34","guid":{"rendered":"https:\/\/riversea.pl\/?page_id=416"},"modified":"2024-06-24T12:41:50","modified_gmt":"2024-06-24T10:41:50","slug":"miedzyzdroje","status":"publish","type":"page","link":"https:\/\/villarichter.pl\/de\/miedzyzdroje","title":{"rendered":"Mi\u0119dzyzdroje"},"content":{"rendered":"","protected":false},"excerpt":{"rendered":"","protected":false},"author":3,"featured_media":1469,"parent":0,"menu_order":0,"comment_status":"closed","ping_status":"closed","template":"","meta":{"_acf_changed":false,"footnotes":""},"class_list":["post-416","page","type-page","status-publish","has-post-thumbnail","hentry"],"acf":[],"yoast_head":"<!-- This site is optimized with the Yoast SEO plugin v23.4 - https:\/\/yoast.com\/wordpress\/plugins\/seo\/ -->\n<title>Mi\u0119dzyzdroje - Villa Richter<\/title>\n<meta name=\"description\" content=\"Apartament Basen Pla\u017ca | Go\u015bcie polecaj\u0105: Srebrn\u0105 Wydm\u0119 za czysto\u015b\u0107, smaczne wy\u017cywienie, bezp\u0142atny basen kryty z jacuzzi i saun\u0105, niezale\u017cne wyj\u015bcie, 3 du\u017ce pokoje z tarasem widokiem na basen, blisko do pla\u017cy i centrum, wifi, parking, Idealnie po\u0142o\u017cony - noclegi nad samym morzem w D\u0105bkach. Rezerwacja tel +48 515001100\" \/>\n<meta name=\"robots\" content=\"index, follow, max-snippet:-1, max-image-preview:large, max-video-preview:-1\" \/>\n<link rel=\"canonical\" href=\"https:\/\/villarichter.pl\/de\/miedzyzdroje\/\" \/>\n<meta property=\"og:locale\" content=\"de_DE\" \/>\n<meta property=\"og:type\" content=\"article\" \/>\n<meta property=\"og:title\" content=\"Mi\u0119dzyzdroje - Villa Richter\" \/>\n<meta property=\"og:description\" content=\"Apartament Basen Pla\u017ca | Go\u015bcie polecaj\u0105: Srebrn\u0105 Wydm\u0119 za czysto\u015b\u0107, smaczne wy\u017cywienie, bezp\u0142atny basen kryty z jacuzzi i saun\u0105, niezale\u017cne wyj\u015bcie, 3 du\u017ce pokoje z tarasem widokiem na basen, blisko do pla\u017cy i centrum, wifi, parking, Idealnie po\u0142o\u017cony - noclegi nad samym morzem w D\u0105bkach. Rezerwacja tel +48 515001100\" \/>\n<meta property=\"og:url\" content=\"https:\/\/villarichter.pl\/de\/miedzyzdroje\/\" \/>\n<meta property=\"og:site_name\" content=\"Villa Richter\" \/>\n<meta property=\"article:publisher\" content=\"https:\/\/www.facebook.com\/riverseaapartamenty\" \/>\n<meta property=\"article:modified_time\" content=\"2024-06-24T10:41:50+00:00\" \/>\n<meta property=\"og:image\" content=\"https:\/\/villarichter.pl\/wp-content\/uploads\/2024\/06\/sandy-seashore-at-day-2023-11-27-05-18-32-utc-scaled.jpg\" \/>\n\t<meta property=\"og:image:width\" content=\"2560\" \/>\n\t<meta property=\"og:image:height\" content=\"1459\" \/>\n\t<meta property=\"og:image:type\" content=\"image\/jpeg\" \/>\n<meta name=\"twitter:card\" content=\"summary_large_image\" \/>\n<meta name=\"twitter:label1\" content=\"Gesch\u00e4tzte Lesezeit\" \/>\n\t<meta name=\"twitter:data1\" content=\"5 Minuten\" \/>\n<script type=\"application\/ld+json\" class=\"yoast-schema-graph\">{\"@context\":\"https:\/\/schema.org\",\"@graph\":[{\"@type\":\"WebPage\",\"@id\":\"https:\/\/villarichter.pl\/miedzyzdroje\",\"url\":\"https:\/\/villarichter.pl\/miedzyzdroje\",\"name\":\"Mi\u0119dzyzdroje - Villa Richter\",\"isPartOf\":{\"@id\":\"https:\/\/villarichter.pl\/#website\"},\"primaryImageOfPage\":{\"@id\":\"https:\/\/villarichter.pl\/miedzyzdroje#primaryimage\"},\"image\":{\"@id\":\"https:\/\/villarichter.pl\/miedzyzdroje#primaryimage\"},\"thumbnailUrl\":\"https:\/\/villarichter.pl\/wp-content\/uploads\/2024\/06\/sandy-seashore-at-day-2023-11-27-05-18-32-utc-scaled.jpg\",\"datePublished\":\"2022-02-02T09:36:34+00:00\",\"dateModified\":\"2024-06-24T10:41:50+00:00\",\"description\":\"Apartament Basen Pla\u017ca | Go\u015bcie polecaj\u0105: Srebrn\u0105 Wydm\u0119 za czysto\u015b\u0107, smaczne wy\u017cywienie, bezp\u0142atny basen kryty z jacuzzi i saun\u0105, niezale\u017cne wyj\u015bcie, 3 du\u017ce pokoje z tarasem widokiem na basen, blisko do pla\u017cy i centrum, wifi, parking, Idealnie po\u0142o\u017cony - noclegi nad samym morzem w D\u0105bkach. Rezerwacja tel +48 515001100\",\"breadcrumb\":{\"@id\":\"https:\/\/villarichter.pl\/miedzyzdroje#breadcrumb\"},\"inLanguage\":\"de-DE\",\"potentialAction\":[{\"@type\":\"ReadAction\",\"target\":[\"https:\/\/villarichter.pl\/miedzyzdroje\"]}]},{\"@type\":\"ImageObject\",\"inLanguage\":\"de-DE\",\"@id\":\"https:\/\/villarichter.pl\/miedzyzdroje#primaryimage\",\"url\":\"https:\/\/villarichter.pl\/wp-content\/uploads\/2024\/06\/sandy-seashore-at-day-2023-11-27-05-18-32-utc-scaled.jpg\",\"contentUrl\":\"https:\/\/villarichter.pl\/wp-content\/uploads\/2024\/06\/sandy-seashore-at-day-2023-11-27-05-18-32-utc-scaled.jpg\",\"width\":2560,\"height\":1459,\"caption\":\"Sandy seashore at day. Nature composition.\"},{\"@type\":\"BreadcrumbList\",\"@id\":\"https:\/\/villarichter.pl\/miedzyzdroje#breadcrumb\",\"itemListElement\":[{\"@type\":\"ListItem\",\"position\":1,\"name\":\"Strona g\u0142\u00f3wna\",\"item\":\"https:\/\/villarichter.pl\/\"},{\"@type\":\"ListItem\",\"position\":2,\"name\":\"Mi\u0119dzyzdroje\"}]},{\"@type\":\"WebSite\",\"@id\":\"https:\/\/villarichter.pl\/#website\",\"url\":\"https:\/\/villarichter.pl\/\",\"name\":\"Villa Richter\",\"description\":\"Villa w Mi\u0119dzyzdroju\",\"publisher\":{\"@id\":\"https:\/\/villarichter.pl\/#organization\"},\"potentialAction\":[{\"@type\":\"SearchAction\",\"target\":{\"@type\":\"EntryPoint\",\"urlTemplate\":\"https:\/\/villarichter.pl\/?s={search_term_string}\"},\"query-input\":{\"@type\":\"PropertyValueSpecification\",\"valueRequired\":true,\"valueName\":\"search_term_string\"}}],\"inLanguage\":\"de-DE\"},{\"@type\":\"Organization\",\"@id\":\"https:\/\/villarichter.pl\/#organization\",\"name\":\"Villa Richter\",\"url\":\"https:\/\/villarichter.pl\/\",\"logo\":{\"@type\":\"ImageObject\",\"inLanguage\":\"de-DE\",\"@id\":\"https:\/\/villarichter.pl\/#\/schema\/logo\/image\/\",\"url\":\"https:\/\/riversea.pl\/wp-content\/uploads\/2022\/10\/Logo-River-Sea.png\",\"contentUrl\":\"https:\/\/riversea.pl\/wp-content\/uploads\/2022\/10\/Logo-River-Sea.png\",\"width\":256,\"height\":154,\"caption\":\"Villa Richter\"},\"image\":{\"@id\":\"https:\/\/villarichter.pl\/#\/schema\/logo\/image\/\"},\"sameAs\":[\"https:\/\/www.facebook.com\/riverseaapartamenty\"]}]}<\/script>\n<!-- \/ Yoast SEO plugin. -->","yoast_head_json":{"title":"Mi\u0119dzyzdroje - Villa Richter","description":"Apartament Basen Pla\u017ca | Go\u015bcie polecaj\u0105: Srebrn\u0105 Wydm\u0119 za czysto\u015b\u0107, smaczne wy\u017cywienie, bezp\u0142atny basen kryty z jacuzzi i saun\u0105, niezale\u017cne wyj\u015bcie, 3 du\u017ce pokoje z tarasem widokiem na basen, blisko do pla\u017cy i centrum, wifi, parking, Idealnie po\u0142o\u017cony - noclegi nad samym morzem w D\u0105bkach. Rezerwacja tel +48 515001100","robots":{"index":"index","follow":"follow","max-snippet":"max-snippet:-1","max-image-preview":"max-image-preview:large","max-video-preview":"max-video-preview:-1"},"canonical":"https:\/\/villarichter.pl\/de\/miedzyzdroje\/","og_locale":"de_DE","og_type":"article","og_title":"Mi\u0119dzyzdroje - Villa Richter","og_description":"Apartament Basen Pla\u017ca | Go\u015bcie polecaj\u0105: Srebrn\u0105 Wydm\u0119 za czysto\u015b\u0107, smaczne wy\u017cywienie, bezp\u0142atny basen kryty z jacuzzi i saun\u0105, niezale\u017cne wyj\u015bcie, 3 du\u017ce pokoje z tarasem widokiem na basen, blisko do pla\u017cy i centrum, wifi, parking, Idealnie po\u0142o\u017cony - noclegi nad samym morzem w D\u0105bkach. Rezerwacja tel +48 515001100","og_url":"https:\/\/villarichter.pl\/de\/miedzyzdroje\/","og_site_name":"Villa Richter","article_publisher":"https:\/\/www.facebook.com\/riverseaapartamenty","article_modified_time":"2024-06-24T10:41:50+00:00","og_image":[{"width":2560,"height":1459,"url":"https:\/\/villarichter.pl\/wp-content\/uploads\/2024\/06\/sandy-seashore-at-day-2023-11-27-05-18-32-utc-scaled.jpg","type":"image\/jpeg"}],"twitter_card":"summary_large_image","twitter_misc":{"Gesch\u00e4tzte Lesezeit":"5 Minuten"},"schema":{"@context":"https:\/\/schema.org","@graph":[{"@type":"WebPage","@id":"https:\/\/villarichter.pl\/miedzyzdroje","url":"https:\/\/villarichter.pl\/miedzyzdroje","name":"Mi\u0119dzyzdroje - Villa Richter","isPartOf":{"@id":"https:\/\/villarichter.pl\/#website"},"primaryImageOfPage":{"@id":"https:\/\/villarichter.pl\/miedzyzdroje#primaryimage"},"image":{"@id":"https:\/\/villarichter.pl\/miedzyzdroje#primaryimage"},"thumbnailUrl":"https:\/\/villarichter.pl\/wp-content\/uploads\/2024\/06\/sandy-seashore-at-day-2023-11-27-05-18-32-utc-scaled.jpg","datePublished":"2022-02-02T09:36:34+00:00","dateModified":"2024-06-24T10:41:50+00:00","description":"Apartament Basen Pla\u017ca | Go\u015bcie polecaj\u0105: Srebrn\u0105 Wydm\u0119 za czysto\u015b\u0107, smaczne wy\u017cywienie, bezp\u0142atny basen kryty z jacuzzi i saun\u0105, niezale\u017cne wyj\u015bcie, 3 du\u017ce pokoje z tarasem widokiem na basen, blisko do pla\u017cy i centrum, wifi, parking, Idealnie po\u0142o\u017cony - noclegi nad samym morzem w D\u0105bkach. Rezerwacja tel +48 515001100","breadcrumb":{"@id":"https:\/\/villarichter.pl\/miedzyzdroje#breadcrumb"},"inLanguage":"de-DE","potentialAction":[{"@type":"ReadAction","target":["https:\/\/villarichter.pl\/miedzyzdroje"]}]},{"@type":"ImageObject","inLanguage":"de-DE","@id":"https:\/\/villarichter.pl\/miedzyzdroje#primaryimage","url":"https:\/\/villarichter.pl\/wp-content\/uploads\/2024\/06\/sandy-seashore-at-day-2023-11-27-05-18-32-utc-scaled.jpg","contentUrl":"https:\/\/villarichter.pl\/wp-content\/uploads\/2024\/06\/sandy-seashore-at-day-2023-11-27-05-18-32-utc-scaled.jpg","width":2560,"height":1459,"caption":"Sandy seashore at day. Nature composition."},{"@type":"BreadcrumbList","@id":"https:\/\/villarichter.pl\/miedzyzdroje#breadcrumb","itemListElement":[{"@type":"ListItem","position":1,"name":"Strona g\u0142\u00f3wna","item":"https:\/\/villarichter.pl\/"},{"@type":"ListItem","position":2,"name":"Mi\u0119dzyzdroje"}]},{"@type":"WebSite","@id":"https:\/\/villarichter.pl\/#website","url":"https:\/\/villarichter.pl\/","name":"Villa Richter","description":"Villa w Mi\u0119dzyzdroju","publisher":{"@id":"https:\/\/villarichter.pl\/#organization"},"potentialAction":[{"@type":"SearchAction","target":{"@type":"EntryPoint","urlTemplate":"https:\/\/villarichter.pl\/?s={search_term_string}"},"query-input":{"@type":"PropertyValueSpecification","valueRequired":true,"valueName":"search_term_string"}}],"inLanguage":"de-DE"},{"@type":"Organization","@id":"https:\/\/villarichter.pl\/#organization","name":"Villa Richter","url":"https:\/\/villarichter.pl\/","logo":{"@type":"ImageObject","inLanguage":"de-DE","@id":"https:\/\/villarichter.pl\/#\/schema\/logo\/image\/","url":"https:\/\/riversea.pl\/wp-content\/uploads\/2022\/10\/Logo-River-Sea.png","contentUrl":"https:\/\/riversea.pl\/wp-content\/uploads\/2022\/10\/Logo-River-Sea.png","width":256,"height":154,"caption":"Villa Richter"},"image":{"@id":"https:\/\/villarichter.pl\/#\/schema\/logo\/image\/"},"sameAs":["https:\/\/www.facebook.com\/riverseaapartamenty"]}]}},"_links":{"self":[{"href":"https:\/\/villarichter.pl\/de\/wp-json\/wp\/v2\/pages\/416"}],"collection":[{"href":"https:\/\/villarichter.pl\/de\/wp-json\/wp\/v2\/pages"}],"about":[{"href":"https:\/\/villarichter.pl\/de\/wp-json\/wp\/v2\/types\/page"}],"author":[{"embeddable":true,"href":"https:\/\/villarichter.pl\/de\/wp-json\/wp\/v2\/users\/3"}],"replies":[{"embeddable":true,"href":"https:\/\/villarichter.pl\/de\/wp-json\/wp\/v2\/comments?post=416"}],"version-history":[{"count":64,"href":"https:\/\/villarichter.pl\/de\/wp-json\/wp\/v2\/pages\/416\/revisions"}],"predecessor-version":[{"id":1404,"href":"https:\/\/villarichter.pl\/de\/wp-json\/wp\/v2\/pages\/416\/revisions\/1404"}],"wp:featuredmedia":[{"embeddable":true,"href":"https:\/\/villarichter.pl\/de\/wp-json\/wp\/v2\/media\/1469"}],"wp:attachment":[{"href":"https:\/\/villarichter.pl\/de\/wp-json\/wp\/v2\/media?parent=416"}],"curies":[{"name":"wp","href":"https:\/\/api.w.org\/{rel}","templated":true}]}}