{"id":1372,"date":"2024-06-24T09:47:52","date_gmt":"2024-06-24T07:47:52","guid":{"rendered":"https:\/\/villarichter.nfhotel.usermd.net\/?page_id=1372"},"modified":"2024-06-24T10:02:25","modified_gmt":"2024-06-24T08:02:25","slug":"historia-villi","status":"publish","type":"page","link":"https:\/\/villarichter.pl\/en\/historia-villi","title":{"rendered":"History of the Villa"},"content":{"rendered":"","protected":false},"excerpt":{"rendered":"","protected":false},"author":3,"featured_media":1360,"parent":0,"menu_order":0,"comment_status":"closed","ping_status":"closed","template":"","meta":{"_acf_changed":false,"footnotes":""},"class_list":["post-1372","page","type-page","status-publish","has-post-thumbnail","hentry"],"acf":[],"yoast_head":"<!-- This site is optimized with the Yoast SEO plugin v23.4 - https:\/\/yoast.com\/wordpress\/plugins\/seo\/ -->\n<title>Historia Villi - Villa Richter<\/title>\n<meta name=\"description\" content=\"Riversea apartamenty to nowoczesne apartamenty o wysokim standardzie i wyj\u0105tkowym klimacie. Tworzone s\u0105 z dusz\u0105 i pasj\u0105 tak, aby ka\u017cdy Go\u015b\u0107 czu\u0142 si\u0119 wyj\u0105tkowo. W naszych dw\u00f3ch miejscowo\u015bciach pomorza zachodniego , w jakich znajduj\u0105 si\u0119 apartamenty, ka\u017cdy znajdzie co\u015b dla siebie. Oferujemy nocleg w znakomitej lokalizacji sk\u0105d jest bardzo blisko do szerokich pla\u017c, wody, teren\u00f3w zielonych czy centrum.\" \/>\n<meta name=\"robots\" content=\"index, follow, max-snippet:-1, max-image-preview:large, max-video-preview:-1\" \/>\n<link rel=\"canonical\" href=\"https:\/\/villarichter.pl\/en\/historia-villi\/\" \/>\n<meta property=\"og:locale\" content=\"en_GB\" \/>\n<meta property=\"og:type\" content=\"article\" \/>\n<meta property=\"og:title\" content=\"Historia Villi - Villa Richter\" \/>\n<meta property=\"og:description\" content=\"Riversea apartamenty to nowoczesne apartamenty o wysokim standardzie i wyj\u0105tkowym klimacie. Tworzone s\u0105 z dusz\u0105 i pasj\u0105 tak, aby ka\u017cdy Go\u015b\u0107 czu\u0142 si\u0119 wyj\u0105tkowo. W naszych dw\u00f3ch miejscowo\u015bciach pomorza zachodniego , w jakich znajduj\u0105 si\u0119 apartamenty, ka\u017cdy znajdzie co\u015b dla siebie. Oferujemy nocleg w znakomitej lokalizacji sk\u0105d jest bardzo blisko do szerokich pla\u017c, wody, teren\u00f3w zielonych czy centrum.\" \/>\n<meta property=\"og:url\" content=\"https:\/\/villarichter.pl\/en\/historia-villi\/\" \/>\n<meta property=\"og:site_name\" content=\"Villa Richter\" \/>\n<meta property=\"article:publisher\" content=\"https:\/\/www.facebook.com\/riverseaapartamenty\" \/>\n<meta property=\"article:modified_time\" content=\"2024-06-24T08:02:25+00:00\" \/>\n<meta property=\"og:image\" content=\"https:\/\/villarichter.pl\/wp-content\/uploads\/2024\/06\/1.jpg\" \/>\n\t<meta property=\"og:image:width\" content=\"1535\" \/>\n\t<meta property=\"og:image:height\" content=\"1080\" \/>\n\t<meta property=\"og:image:type\" content=\"image\/jpeg\" \/>\n<meta name=\"twitter:card\" content=\"summary_large_image\" \/>\n<meta name=\"twitter:label1\" content=\"Estimated reading time\" \/>\n\t<meta name=\"twitter:data1\" content=\"4 minutes\" \/>\n<script type=\"application\/ld+json\" class=\"yoast-schema-graph\">{\"@context\":\"https:\/\/schema.org\",\"@graph\":[{\"@type\":\"WebPage\",\"@id\":\"https:\/\/villarichter.pl\/historia-villi\",\"url\":\"https:\/\/villarichter.pl\/historia-villi\",\"name\":\"Historia Villi - Villa Richter\",\"isPartOf\":{\"@id\":\"https:\/\/villarichter.pl\/#website\"},\"primaryImageOfPage\":{\"@id\":\"https:\/\/villarichter.pl\/historia-villi#primaryimage\"},\"image\":{\"@id\":\"https:\/\/villarichter.pl\/historia-villi#primaryimage\"},\"thumbnailUrl\":\"https:\/\/villarichter.pl\/wp-content\/uploads\/2024\/06\/1.jpg\",\"datePublished\":\"2024-06-24T07:47:52+00:00\",\"dateModified\":\"2024-06-24T08:02:25+00:00\",\"description\":\"Riversea apartamenty to nowoczesne apartamenty o wysokim standardzie i wyj\u0105tkowym klimacie. Tworzone s\u0105 z dusz\u0105 i pasj\u0105 tak, aby ka\u017cdy Go\u015b\u0107 czu\u0142 si\u0119 wyj\u0105tkowo. W naszych dw\u00f3ch miejscowo\u015bciach pomorza zachodniego , w jakich znajduj\u0105 si\u0119 apartamenty, ka\u017cdy znajdzie co\u015b dla siebie. Oferujemy nocleg w znakomitej lokalizacji sk\u0105d jest bardzo blisko do szerokich pla\u017c, wody, teren\u00f3w zielonych czy centrum.\",\"breadcrumb\":{\"@id\":\"https:\/\/villarichter.pl\/historia-villi#breadcrumb\"},\"inLanguage\":\"en-GB\",\"potentialAction\":[{\"@type\":\"ReadAction\",\"target\":[\"https:\/\/villarichter.pl\/historia-villi\"]}]},{\"@type\":\"ImageObject\",\"inLanguage\":\"en-GB\",\"@id\":\"https:\/\/villarichter.pl\/historia-villi#primaryimage\",\"url\":\"https:\/\/villarichter.pl\/wp-content\/uploads\/2024\/06\/1.jpg\",\"contentUrl\":\"https:\/\/villarichter.pl\/wp-content\/uploads\/2024\/06\/1.jpg\",\"width\":1535,\"height\":1080},{\"@type\":\"BreadcrumbList\",\"@id\":\"https:\/\/villarichter.pl\/historia-villi#breadcrumb\",\"itemListElement\":[{\"@type\":\"ListItem\",\"position\":1,\"name\":\"Strona g\u0142\u00f3wna\",\"item\":\"https:\/\/villarichter.pl\/\"},{\"@type\":\"ListItem\",\"position\":2,\"name\":\"Historia Villi\"}]},{\"@type\":\"WebSite\",\"@id\":\"https:\/\/villarichter.pl\/#website\",\"url\":\"https:\/\/villarichter.pl\/\",\"name\":\"Villa Richter\",\"description\":\"Villa w Mi\u0119dzyzdroju\",\"publisher\":{\"@id\":\"https:\/\/villarichter.pl\/#organization\"},\"potentialAction\":[{\"@type\":\"SearchAction\",\"target\":{\"@type\":\"EntryPoint\",\"urlTemplate\":\"https:\/\/villarichter.pl\/?s={search_term_string}\"},\"query-input\":{\"@type\":\"PropertyValueSpecification\",\"valueRequired\":true,\"valueName\":\"search_term_string\"}}],\"inLanguage\":\"en-GB\"},{\"@type\":\"Organization\",\"@id\":\"https:\/\/villarichter.pl\/#organization\",\"name\":\"Villa Richter\",\"url\":\"https:\/\/villarichter.pl\/\",\"logo\":{\"@type\":\"ImageObject\",\"inLanguage\":\"en-GB\",\"@id\":\"https:\/\/villarichter.pl\/#\/schema\/logo\/image\/\",\"url\":\"https:\/\/riversea.pl\/wp-content\/uploads\/2022\/10\/Logo-River-Sea.png\",\"contentUrl\":\"https:\/\/riversea.pl\/wp-content\/uploads\/2022\/10\/Logo-River-Sea.png\",\"width\":256,\"height\":154,\"caption\":\"Villa Richter\"},\"image\":{\"@id\":\"https:\/\/villarichter.pl\/#\/schema\/logo\/image\/\"},\"sameAs\":[\"https:\/\/www.facebook.com\/riverseaapartamenty\"]}]}<\/script>\n<!-- \/ Yoast SEO plugin. -->","yoast_head_json":{"title":"Historia Villi - Villa Richter","description":"Riversea apartamenty to nowoczesne apartamenty o wysokim standardzie i wyj\u0105tkowym klimacie. Tworzone s\u0105 z dusz\u0105 i pasj\u0105 tak, aby ka\u017cdy Go\u015b\u0107 czu\u0142 si\u0119 wyj\u0105tkowo. W naszych dw\u00f3ch miejscowo\u015bciach pomorza zachodniego , w jakich znajduj\u0105 si\u0119 apartamenty, ka\u017cdy znajdzie co\u015b dla siebie. Oferujemy nocleg w znakomitej lokalizacji sk\u0105d jest bardzo blisko do szerokich pla\u017c, wody, teren\u00f3w zielonych czy centrum.","robots":{"index":"index","follow":"follow","max-snippet":"max-snippet:-1","max-image-preview":"max-image-preview:large","max-video-preview":"max-video-preview:-1"},"canonical":"https:\/\/villarichter.pl\/en\/historia-villi\/","og_locale":"en_GB","og_type":"article","og_title":"Historia Villi - Villa Richter","og_description":"Riversea apartamenty to nowoczesne apartamenty o wysokim standardzie i wyj\u0105tkowym klimacie. Tworzone s\u0105 z dusz\u0105 i pasj\u0105 tak, aby ka\u017cdy Go\u015b\u0107 czu\u0142 si\u0119 wyj\u0105tkowo. W naszych dw\u00f3ch miejscowo\u015bciach pomorza zachodniego , w jakich znajduj\u0105 si\u0119 apartamenty, ka\u017cdy znajdzie co\u015b dla siebie. Oferujemy nocleg w znakomitej lokalizacji sk\u0105d jest bardzo blisko do szerokich pla\u017c, wody, teren\u00f3w zielonych czy centrum.","og_url":"https:\/\/villarichter.pl\/en\/historia-villi\/","og_site_name":"Villa Richter","article_publisher":"https:\/\/www.facebook.com\/riverseaapartamenty","article_modified_time":"2024-06-24T08:02:25+00:00","og_image":[{"width":1535,"height":1080,"url":"https:\/\/villarichter.pl\/wp-content\/uploads\/2024\/06\/1.jpg","type":"image\/jpeg"}],"twitter_card":"summary_large_image","twitter_misc":{"Estimated reading time":"4 minutes"},"schema":{"@context":"https:\/\/schema.org","@graph":[{"@type":"WebPage","@id":"https:\/\/villarichter.pl\/historia-villi","url":"https:\/\/villarichter.pl\/historia-villi","name":"Historia Villi - Villa Richter","isPartOf":{"@id":"https:\/\/villarichter.pl\/#website"},"primaryImageOfPage":{"@id":"https:\/\/villarichter.pl\/historia-villi#primaryimage"},"image":{"@id":"https:\/\/villarichter.pl\/historia-villi#primaryimage"},"thumbnailUrl":"https:\/\/villarichter.pl\/wp-content\/uploads\/2024\/06\/1.jpg","datePublished":"2024-06-24T07:47:52+00:00","dateModified":"2024-06-24T08:02:25+00:00","description":"Riversea apartamenty to nowoczesne apartamenty o wysokim standardzie i wyj\u0105tkowym klimacie. Tworzone s\u0105 z dusz\u0105 i pasj\u0105 tak, aby ka\u017cdy Go\u015b\u0107 czu\u0142 si\u0119 wyj\u0105tkowo. W naszych dw\u00f3ch miejscowo\u015bciach pomorza zachodniego , w jakich znajduj\u0105 si\u0119 apartamenty, ka\u017cdy znajdzie co\u015b dla siebie. Oferujemy nocleg w znakomitej lokalizacji sk\u0105d jest bardzo blisko do szerokich pla\u017c, wody, teren\u00f3w zielonych czy centrum.","breadcrumb":{"@id":"https:\/\/villarichter.pl\/historia-villi#breadcrumb"},"inLanguage":"en-GB","potentialAction":[{"@type":"ReadAction","target":["https:\/\/villarichter.pl\/historia-villi"]}]},{"@type":"ImageObject","inLanguage":"en-GB","@id":"https:\/\/villarichter.pl\/historia-villi#primaryimage","url":"https:\/\/villarichter.pl\/wp-content\/uploads\/2024\/06\/1.jpg","contentUrl":"https:\/\/villarichter.pl\/wp-content\/uploads\/2024\/06\/1.jpg","width":1535,"height":1080},{"@type":"BreadcrumbList","@id":"https:\/\/villarichter.pl\/historia-villi#breadcrumb","itemListElement":[{"@type":"ListItem","position":1,"name":"Strona g\u0142\u00f3wna","item":"https:\/\/villarichter.pl\/"},{"@type":"ListItem","position":2,"name":"Historia Villi"}]},{"@type":"WebSite","@id":"https:\/\/villarichter.pl\/#website","url":"https:\/\/villarichter.pl\/","name":"Villa Richter","description":"Villa w Mi\u0119dzyzdroju","publisher":{"@id":"https:\/\/villarichter.pl\/#organization"},"potentialAction":[{"@type":"SearchAction","target":{"@type":"EntryPoint","urlTemplate":"https:\/\/villarichter.pl\/?s={search_term_string}"},"query-input":{"@type":"PropertyValueSpecification","valueRequired":true,"valueName":"search_term_string"}}],"inLanguage":"en-GB"},{"@type":"Organization","@id":"https:\/\/villarichter.pl\/#organization","name":"Villa Richter","url":"https:\/\/villarichter.pl\/","logo":{"@type":"ImageObject","inLanguage":"en-GB","@id":"https:\/\/villarichter.pl\/#\/schema\/logo\/image\/","url":"https:\/\/riversea.pl\/wp-content\/uploads\/2022\/10\/Logo-River-Sea.png","contentUrl":"https:\/\/riversea.pl\/wp-content\/uploads\/2022\/10\/Logo-River-Sea.png","width":256,"height":154,"caption":"Villa Richter"},"image":{"@id":"https:\/\/villarichter.pl\/#\/schema\/logo\/image\/"},"sameAs":["https:\/\/www.facebook.com\/riverseaapartamenty"]}]}},"_links":{"self":[{"href":"https:\/\/villarichter.pl\/en\/wp-json\/wp\/v2\/pages\/1372"}],"collection":[{"href":"https:\/\/villarichter.pl\/en\/wp-json\/wp\/v2\/pages"}],"about":[{"href":"https:\/\/villarichter.pl\/en\/wp-json\/wp\/v2\/types\/page"}],"author":[{"embeddable":true,"href":"https:\/\/villarichter.pl\/en\/wp-json\/wp\/v2\/users\/3"}],"replies":[{"embeddable":true,"href":"https:\/\/villarichter.pl\/en\/wp-json\/wp\/v2\/comments?post=1372"}],"version-history":[{"count":1,"href":"https:\/\/villarichter.pl\/en\/wp-json\/wp\/v2\/pages\/1372\/revisions"}],"predecessor-version":[{"id":1373,"href":"https:\/\/villarichter.pl\/en\/wp-json\/wp\/v2\/pages\/1372\/revisions\/1373"}],"wp:featuredmedia":[{"embeddable":true,"href":"https:\/\/villarichter.pl\/en\/wp-json\/wp\/v2\/media\/1360"}],"wp:attachment":[{"href":"https:\/\/villarichter.pl\/en\/wp-json\/wp\/v2\/media?parent=1372"}],"curies":[{"name":"wp","href":"https:\/\/api.w.org\/{rel}","templated":true}]}}